{"id":1500,"date":"2020-03-17T18:45:15","date_gmt":"2020-03-17T22:45:15","guid":{"rendered":"https:\/\/aquaplastica.com\/news\/"},"modified":"2023-08-16T03:12:57","modified_gmt":"2023-08-16T07:12:57","slug":"news","status":"publish","type":"page","link":"https:\/\/aquaplastica.com\/en\/news\/","title":{"rendered":"News"},"content":{"rendered":"<div class=\"wpb-content-wrapper\"><p>[vc_row][vc_column][ts_text_content_block]\r\n<div id=\"sb_instagram\"  class=\"sbi sbi_mob_col_3 sbi_tab_col_3 sbi_col_3 sbi_width_resp\" style=\"padding-bottom: 22px;\" data-feedid=\"*1\"  data-res=\"auto\" data-cols=\"3\" data-colsmobile=\"3\" data-colstablet=\"3\" data-num=\"3\" data-nummobile=\"3\" data-shortcode-atts=\"{&quot;feed&quot;:&quot;1&quot;,&quot;cachetime&quot;:30}\"  data-postid=\"1500\" data-locatornonce=\"0a1bf339cf\" data-sbi-flags=\"favorLocal\">\r\n\t<div class=\"sb_instagram_header  sbi_medium sbi_no_avatar\"  style=\"padding: 11px;padding-bottom: 0;\"  >\r\n\t<a href=\"https:\/\/www.instagram.com\/aquaplastica_rd\/\" target=\"_blank\" rel=\"nofollow noopener\"  title=\"@aquaplastica_rd\" class=\"sbi_header_link\">\r\n\t\t<div class=\"sbi_header_text sbi_no_bio\">\r\n\t\t\t\r\n\t\t\t<h3>aquaplastica_rd<\/h3>\r\n\t\t\t\t\t<\/div>\r\n\r\n\t\t\t\t\t<div class=\"sbi_header_img\">\r\n\t\t\t\t\t\t\t\t\t\t\t\t\t<div class=\"sbi_header_hashtag_icon\"  ><svg class=\"sbi_new_logo fa-instagram fa-w-14\" aria-hidden=\"true\" data-fa-processed=\"\" aria-label=\"Instagram\" data-prefix=\"fab\" data-icon=\"instagram\" role=\"img\" viewBox=\"0 0 448 512\">\n\t                <path fill=\"currentColor\" d=\"M224.1 141c-63.6 0-114.9 51.3-114.9 114.9s51.3 114.9 114.9 114.9S339 319.5 339 255.9 287.7 141 224.1 141zm0 189.6c-41.1 0-74.7-33.5-74.7-74.7s33.5-74.7 74.7-74.7 74.7 33.5 74.7 74.7-33.6 74.7-74.7 74.7zm146.4-194.3c0 14.9-12 26.8-26.8 26.8-14.9 0-26.8-12-26.8-26.8s12-26.8 26.8-26.8 26.8 12 26.8 26.8zm76.1 27.2c-1.7-35.9-9.9-67.7-36.2-93.9-26.2-26.2-58-34.4-93.9-36.2-37-2.1-147.9-2.1-184.9 0-35.8 1.7-67.6 9.9-93.9 36.1s-34.4 58-36.2 93.9c-2.1 37-2.1 147.9 0 184.9 1.7 35.9 9.9 67.7 36.2 93.9s58 34.4 93.9 36.2c37 2.1 147.9 2.1 184.9 0 35.9-1.7 67.7-9.9 93.9-36.2 26.2-26.2 34.4-58 36.2-93.9 2.1-37 2.1-147.8 0-184.8zM398.8 388c-7.8 19.6-22.9 34.7-42.6 42.6-29.5 11.7-99.5 9-132.1 9s-102.7 2.6-132.1-9c-19.6-7.8-34.7-22.9-42.6-42.6-11.7-29.5-9-99.5-9-132.1s-2.6-102.7 9-132.1c7.8-19.6 22.9-34.7 42.6-42.6 29.5-11.7 99.5-9 132.1-9s102.7-2.6 132.1 9c19.6 7.8 34.7 22.9 42.6 42.6 11.7 29.5 9 99.5 9 132.1s2.7 102.7-9 132.1z\"><\/path>\n\t            <\/svg><\/div>\r\n\t\t\t\t\t\t\t<\/div>\r\n\t\t\r\n\t<\/a>\r\n<\/div>\r\n\r\n    <div id=\"sbi_images\"  style=\"padding: 11px;\">\r\n\t\t<div class=\"sbi_item sbi_type_video sbi_new sbi_transition\" id=\"sbi_18241420759172269\" data-date=\"1697897074\">\r\n    <div class=\"sbi_photo_wrap\">\r\n        <a class=\"sbi_photo\" href=\"https:\/\/www.instagram.com\/reel\/CyqddbgrwcC\/\" target=\"_blank\" rel=\"noopener nofollow\" data-full-res=\"https:\/\/scontent-iad3-1.cdninstagram.com\/v\/t51.29350-15\/393552174_857618939015681_3000251943032972925_n.jpg?_nc_cat=108&#038;ccb=1-7&#038;_nc_sid=c4dd86&#038;_nc_ohc=cva1S2QuydgAX9PZ2eo&#038;_nc_ht=scontent-iad3-1.cdninstagram.com&#038;edm=ANo9K5cEAAAA&#038;oh=00_AfC0YcTCWj4iNwM6ba_HgWaYj76Imf2v7FyRTpM-7yr1dA&#038;oe=653D5F24\" data-img-src-set=\"{&quot;d&quot;:&quot;https:\\\/\\\/scontent-iad3-1.cdninstagram.com\\\/v\\\/t51.29350-15\\\/393552174_857618939015681_3000251943032972925_n.jpg?_nc_cat=108&amp;ccb=1-7&amp;_nc_sid=c4dd86&amp;_nc_ohc=cva1S2QuydgAX9PZ2eo&amp;_nc_ht=scontent-iad3-1.cdninstagram.com&amp;edm=ANo9K5cEAAAA&amp;oh=00_AfC0YcTCWj4iNwM6ba_HgWaYj76Imf2v7FyRTpM-7yr1dA&amp;oe=653D5F24&quot;,&quot;150&quot;:&quot;https:\\\/\\\/scontent-iad3-1.cdninstagram.com\\\/v\\\/t51.29350-15\\\/393552174_857618939015681_3000251943032972925_n.jpg?_nc_cat=108&amp;ccb=1-7&amp;_nc_sid=c4dd86&amp;_nc_ohc=cva1S2QuydgAX9PZ2eo&amp;_nc_ht=scontent-iad3-1.cdninstagram.com&amp;edm=ANo9K5cEAAAA&amp;oh=00_AfC0YcTCWj4iNwM6ba_HgWaYj76Imf2v7FyRTpM-7yr1dA&amp;oe=653D5F24&quot;,&quot;320&quot;:&quot;https:\\\/\\\/scontent-iad3-1.cdninstagram.com\\\/v\\\/t51.29350-15\\\/393552174_857618939015681_3000251943032972925_n.jpg?_nc_cat=108&amp;ccb=1-7&amp;_nc_sid=c4dd86&amp;_nc_ohc=cva1S2QuydgAX9PZ2eo&amp;_nc_ht=scontent-iad3-1.cdninstagram.com&amp;edm=ANo9K5cEAAAA&amp;oh=00_AfC0YcTCWj4iNwM6ba_HgWaYj76Imf2v7FyRTpM-7yr1dA&amp;oe=653D5F24&quot;,&quot;640&quot;:&quot;https:\\\/\\\/scontent-iad3-1.cdninstagram.com\\\/v\\\/t51.29350-15\\\/393552174_857618939015681_3000251943032972925_n.jpg?_nc_cat=108&amp;ccb=1-7&amp;_nc_sid=c4dd86&amp;_nc_ohc=cva1S2QuydgAX9PZ2eo&amp;_nc_ht=scontent-iad3-1.cdninstagram.com&amp;edm=ANo9K5cEAAAA&amp;oh=00_AfC0YcTCWj4iNwM6ba_HgWaYj76Imf2v7FyRTpM-7yr1dA&amp;oe=653D5F24&quot;}\">\r\n            <span class=\"sbi-screenreader\">\u00a1S\u00ed! Suena incre\u00edble, \u00a1pero es cierto! \ud83e\udd29\n\nL<\/span>\r\n            \t        <svg style=\"color: rgba(255,255,255,1)\" class=\"svg-inline--fa fa-play fa-w-14 sbi_playbtn\" aria-label=\"Play\" aria-hidden=\"true\" data-fa-processed=\"\" data-prefix=\"fa\" data-icon=\"play\" role=\"presentation\" xmlns=\"http:\/\/www.w3.org\/2000\/svg\" viewBox=\"0 0 448 512\"><path fill=\"currentColor\" d=\"M424.4 214.7L72.4 6.6C43.8-10.3 0 6.1 0 47.9V464c0 37.5 40.7 60.1 72.4 41.3l352-208c31.4-18.5 31.5-64.1 0-82.6z\"><\/path><\/svg>            <img decoding=\"async\" src=\"https:\/\/i0.wp.com\/aquaplastica.com\/wp-content\/plugins\/instagram-feed\/img\/placeholder.png?w=640&#038;ssl=1\" alt=\"\u00a1S\u00ed! Suena incre\u00edble, \u00a1pero es cierto! \ud83e\udd29\n\nLa Orquesta Vegetal de Viena ha dominado sin duda, el arte de convertir verduras frescas \ud83e\udd52\ud83c\udf46\ud83e\udd66 en instrumentos musicales con sonidos espectaculares, llenando salas de conciertos con su maravillosa presentaci\u00f3n \ud83c\udfb6\n\n\u00bfTe gustar\u00eda verlos en vivo? \ud83d\ude0d\n\n#Musica #Vegetales #Verduras #Orquesta #Instrumentos #Concierto #Creatividad #Ideas #Novedades #Planeta #AguaParaSiempre #AquaplasticaEsVerde #Agua #Salud #RD #PR #PuertoRico #RepublicaDominicana #Aquaplastica \n\nFuente: Diario Libre y DW.\" data-recalc-dims=\"1\">\r\n        <\/a>\r\n    <\/div>\r\n<\/div><div class=\"sbi_item sbi_type_image sbi_new sbi_transition\" id=\"sbi_17996157131272304\" data-date=\"1697078875\">\r\n    <div class=\"sbi_photo_wrap\">\r\n        <a class=\"sbi_photo\" href=\"https:\/\/www.instagram.com\/p\/CySFT59uHmb\/\" target=\"_blank\" rel=\"noopener nofollow\" data-full-res=\"https:\/\/scontent-iad3-1.cdninstagram.com\/v\/t39.30808-6\/387049080_830034282457356_8194238295159275165_n.jpg?_nc_cat=109&#038;ccb=1-7&#038;_nc_sid=c4dd86&#038;_nc_ohc=OesjJKcV9XsAX95M92d&#038;_nc_ht=scontent-iad3-1.cdninstagram.com&#038;edm=ANo9K5cEAAAA&#038;oh=00_AfCugEY9xOvfZBIVXtdMCDVRlWsVyYF6P29tVOlyG7_m_Q&#038;oe=653DA93B\" data-img-src-set=\"{&quot;d&quot;:&quot;https:\\\/\\\/scontent-iad3-1.cdninstagram.com\\\/v\\\/t39.30808-6\\\/387049080_830034282457356_8194238295159275165_n.jpg?_nc_cat=109&amp;ccb=1-7&amp;_nc_sid=c4dd86&amp;_nc_ohc=OesjJKcV9XsAX95M92d&amp;_nc_ht=scontent-iad3-1.cdninstagram.com&amp;edm=ANo9K5cEAAAA&amp;oh=00_AfCugEY9xOvfZBIVXtdMCDVRlWsVyYF6P29tVOlyG7_m_Q&amp;oe=653DA93B&quot;,&quot;150&quot;:&quot;https:\\\/\\\/scontent-iad3-1.cdninstagram.com\\\/v\\\/t39.30808-6\\\/387049080_830034282457356_8194238295159275165_n.jpg?_nc_cat=109&amp;ccb=1-7&amp;_nc_sid=c4dd86&amp;_nc_ohc=OesjJKcV9XsAX95M92d&amp;_nc_ht=scontent-iad3-1.cdninstagram.com&amp;edm=ANo9K5cEAAAA&amp;oh=00_AfCugEY9xOvfZBIVXtdMCDVRlWsVyYF6P29tVOlyG7_m_Q&amp;oe=653DA93B&quot;,&quot;320&quot;:&quot;https:\\\/\\\/scontent-iad3-1.cdninstagram.com\\\/v\\\/t39.30808-6\\\/387049080_830034282457356_8194238295159275165_n.jpg?_nc_cat=109&amp;ccb=1-7&amp;_nc_sid=c4dd86&amp;_nc_ohc=OesjJKcV9XsAX95M92d&amp;_nc_ht=scontent-iad3-1.cdninstagram.com&amp;edm=ANo9K5cEAAAA&amp;oh=00_AfCugEY9xOvfZBIVXtdMCDVRlWsVyYF6P29tVOlyG7_m_Q&amp;oe=653DA93B&quot;,&quot;640&quot;:&quot;https:\\\/\\\/scontent-iad3-1.cdninstagram.com\\\/v\\\/t39.30808-6\\\/387049080_830034282457356_8194238295159275165_n.jpg?_nc_cat=109&amp;ccb=1-7&amp;_nc_sid=c4dd86&amp;_nc_ohc=OesjJKcV9XsAX95M92d&amp;_nc_ht=scontent-iad3-1.cdninstagram.com&amp;edm=ANo9K5cEAAAA&amp;oh=00_AfCugEY9xOvfZBIVXtdMCDVRlWsVyYF6P29tVOlyG7_m_Q&amp;oe=653DA93B&quot;}\">\r\n            <span class=\"sbi-screenreader\">Si tu negocio se desempe\u00f1a en el \u00e1rea de la agri<\/span>\r\n            \t                    <img decoding=\"async\" src=\"https:\/\/i0.wp.com\/aquaplastica.com\/wp-content\/plugins\/instagram-feed\/img\/placeholder.png?w=640&#038;ssl=1\" alt=\"Si tu negocio se desempe\u00f1a en el \u00e1rea de la agricultura y la industria, nuestro tanque silo, es la opci\u00f3n ideal \ud83d\udc4d\ud83c\udffb\n\nCon protecci\u00f3n UV y anti algas, es ideal para el almacenamiento de qu\u00edmicos, aceite, gasoil y otros l\u00edquidos.\n\n\u00bfDeseas solicitarlo? Escr\u00edbenos a nuestro correo info@aquaplastica.com, ya que los fabricamos a pedido.\n\n\u00a1Busca nuestros tanques industriales y exige lo mejor, exige calidad, exige @aquaplastica_rd! \ud83c\udde9\ud83c\uddf4\ud83c\uddf5\ud83c\uddf7\n\n#Silo #Tanques #Liquidos #TanquesIndustriales #Industria #Agricultura #Agua #Empresas #Sequia #Prevencion #RD #PR #Salud #PuertoRico #RepublicaDominicana #Aquaplastica #SaludYVida #Limpieza #Tranquilidad #Hogar\" data-recalc-dims=\"1\">\r\n        <\/a>\r\n    <\/div>\r\n<\/div><div class=\"sbi_item sbi_type_carousel sbi_new sbi_transition\" id=\"sbi_18389703313028543\" data-date=\"1696694908\">\r\n    <div class=\"sbi_photo_wrap\">\r\n        <a class=\"sbi_photo\" href=\"https:\/\/www.instagram.com\/p\/CyGo86ZuOyS\/\" target=\"_blank\" rel=\"noopener nofollow\" data-full-res=\"https:\/\/scontent-iad3-1.cdninstagram.com\/v\/t39.30808-6\/382605627_826590269468424_5805535221638584375_n.jpg?_nc_cat=102&#038;ccb=1-7&#038;_nc_sid=c4dd86&#038;_nc_ohc=vGGUDScPCmMAX_negaD&#038;_nc_ht=scontent-iad3-1.cdninstagram.com&#038;edm=ANo9K5cEAAAA&#038;oh=00_AfA-kQU5R7LZM1M1YuCPQasW_ChXCuw4FrPSfn3gaSMLDw&#038;oe=653DCE87\" data-img-src-set=\"{&quot;d&quot;:&quot;https:\\\/\\\/scontent-iad3-1.cdninstagram.com\\\/v\\\/t39.30808-6\\\/382605627_826590269468424_5805535221638584375_n.jpg?_nc_cat=102&amp;ccb=1-7&amp;_nc_sid=c4dd86&amp;_nc_ohc=vGGUDScPCmMAX_negaD&amp;_nc_ht=scontent-iad3-1.cdninstagram.com&amp;edm=ANo9K5cEAAAA&amp;oh=00_AfA-kQU5R7LZM1M1YuCPQasW_ChXCuw4FrPSfn3gaSMLDw&amp;oe=653DCE87&quot;,&quot;150&quot;:&quot;https:\\\/\\\/scontent-iad3-1.cdninstagram.com\\\/v\\\/t39.30808-6\\\/382605627_826590269468424_5805535221638584375_n.jpg?_nc_cat=102&amp;ccb=1-7&amp;_nc_sid=c4dd86&amp;_nc_ohc=vGGUDScPCmMAX_negaD&amp;_nc_ht=scontent-iad3-1.cdninstagram.com&amp;edm=ANo9K5cEAAAA&amp;oh=00_AfA-kQU5R7LZM1M1YuCPQasW_ChXCuw4FrPSfn3gaSMLDw&amp;oe=653DCE87&quot;,&quot;320&quot;:&quot;https:\\\/\\\/scontent-iad3-1.cdninstagram.com\\\/v\\\/t39.30808-6\\\/382605627_826590269468424_5805535221638584375_n.jpg?_nc_cat=102&amp;ccb=1-7&amp;_nc_sid=c4dd86&amp;_nc_ohc=vGGUDScPCmMAX_negaD&amp;_nc_ht=scontent-iad3-1.cdninstagram.com&amp;edm=ANo9K5cEAAAA&amp;oh=00_AfA-kQU5R7LZM1M1YuCPQasW_ChXCuw4FrPSfn3gaSMLDw&amp;oe=653DCE87&quot;,&quot;640&quot;:&quot;https:\\\/\\\/scontent-iad3-1.cdninstagram.com\\\/v\\\/t39.30808-6\\\/382605627_826590269468424_5805535221638584375_n.jpg?_nc_cat=102&amp;ccb=1-7&amp;_nc_sid=c4dd86&amp;_nc_ohc=vGGUDScPCmMAX_negaD&amp;_nc_ht=scontent-iad3-1.cdninstagram.com&amp;edm=ANo9K5cEAAAA&amp;oh=00_AfA-kQU5R7LZM1M1YuCPQasW_ChXCuw4FrPSfn3gaSMLDw&amp;oe=653DCE87&quot;}\">\r\n            <span class=\"sbi-screenreader\">Este proyecto est\u00e1 m\u00e1s cerca de lo que creemos g<\/span>\r\n            <svg class=\"svg-inline--fa fa-clone fa-w-16 sbi_lightbox_carousel_icon\" aria-hidden=\"true\" aria-label=\"Clone\" data-fa-pro\u0192cessed=\"\" data-prefix=\"far\" data-icon=\"clone\" role=\"img\" xmlns=\"http:\/\/www.w3.org\/2000\/svg\" viewBox=\"0 0 512 512\">\n\t                <path fill=\"currentColor\" d=\"M464 0H144c-26.51 0-48 21.49-48 48v48H48c-26.51 0-48 21.49-48 48v320c0 26.51 21.49 48 48 48h320c26.51 0 48-21.49 48-48v-48h48c26.51 0 48-21.49 48-48V48c0-26.51-21.49-48-48-48zM362 464H54a6 6 0 0 1-6-6V150a6 6 0 0 1 6-6h42v224c0 26.51 21.49 48 48 48h224v42a6 6 0 0 1-6 6zm96-96H150a6 6 0 0 1-6-6V54a6 6 0 0 1 6-6h308a6 6 0 0 1 6 6v308a6 6 0 0 1-6 6z\"><\/path>\n\t            <\/svg>\t                    <img decoding=\"async\" src=\"https:\/\/i0.wp.com\/aquaplastica.com\/wp-content\/plugins\/instagram-feed\/img\/placeholder.png?w=640&#038;ssl=1\" alt=\"Este proyecto est\u00e1 m\u00e1s cerca de lo que creemos gracias a un joven de 21 a\u00f1os llamado Alexander Burton, estudiante de la RMIT en Australia, apasionado por la ingenier\u00eda sostenible y ganador del premio Dyson por $8800.\n\nHarto de las emisiones y del alto precio de los veh\u00edculos el\u00e9ctricos, Burton ide\u00f3 una soluci\u00f3n \ud83d\udca1adaptada a su Toyota Corolla de 20 a\u00f1os: un kit de f\u00e1cil instalaci\u00f3n que permite a cualquier veh\u00edculo de gasolina \ud83d\ude97 sumarse a la tendencia ecol\u00f3gica. Con esta genial idea, los autos podr\u00edan disfrutar de hasta 150 km de autonom\u00eda el\u00e9ctrica, reduciendo considerablemente sus emisiones.\n\nAs\u00ed pues, Alexander se propuso simplificar la transici\u00f3n. En lugar de cambiar piezas y gastar una fortuna \ud83d\udcb5, dise\u00f1\u00f3 un motor de flujo axial que se montar\u00eda en el rotor del freno de disco, una bater\u00eda que ir\u00eda en el espacio destinado a la rueda de repuesto y un sensor acoplable al acelerador. As\u00ed, en unas horas y sin grandes complicaciones, cualquier taller o aficionado al automovilismo podr\u00eda instalar el kit \ud83d\udc4d\ud83c\udffb\n\nFinalmente, la propuesta de Burton permite a los conductores utilizar el motor el\u00e9ctrico para sus trayectos diarios, eliminando en gran medida las emisiones. Pero si la situaci\u00f3n lo requiere, como en viajes largos con escasos puntos de carga, el conductor podr\u00eda cambiar al motor a gasolina sin problemas \ud83e\udd29\n\nAlexander Burton tiene planes ambiciosos: desarrollar un kit completamente funcional que pueda testearse y, eventualmente, llegar al mercado \ud83d\ude98\n\n#Vehiculo #Automovil #Electrico #Gasolina #Proyecto #Tecnologia #Creatividad #Ideas #Novedades #Ambiente #Planeta #AguaParaSiempre #AquaplasticaEsVerde #Prevencion #Agua #Salud #RD #PR #PuertoRico #RepublicaDominicana #Aquaplastica #tranquilidad \n\nFuente: ecoinventos.com\" data-recalc-dims=\"1\">\r\n        <\/a>\r\n    <\/div>\r\n<\/div>    <\/div>\r\n\r\n\t<div id=\"sbi_load\" >\r\n\r\n\t\t\t<a class=\"sbi_load_btn\" href=\"javascript:void(0);\">\r\n\t\t\t<span class=\"sbi_btn_text\">Load More<\/span>\r\n\t\t\t<span class=\"sbi_loader sbi_hidden\" style=\"background-color: rgb(255, 255, 255);\" aria-hidden=\"true\"><\/span>\r\n\t\t<\/a>\r\n\t\r\n\t\t\t<span class=\"sbi_follow_btn sbi_custom\">\r\n        <a href=\"https:\/\/www.instagram.com\/aquaplastica_rd\/\" style=\"background: rgb(64,139,209);\" target=\"_blank\" rel=\"nofollow noopener\">\r\n            <svg class=\"svg-inline--fa fa-instagram fa-w-14\" aria-hidden=\"true\" data-fa-processed=\"\" aria-label=\"Instagram\" data-prefix=\"fab\" data-icon=\"instagram\" role=\"img\" viewBox=\"0 0 448 512\">\n\t                <path fill=\"currentColor\" d=\"M224.1 141c-63.6 0-114.9 51.3-114.9 114.9s51.3 114.9 114.9 114.9S339 319.5 339 255.9 287.7 141 224.1 141zm0 189.6c-41.1 0-74.7-33.5-74.7-74.7s33.5-74.7 74.7-74.7 74.7 33.5 74.7 74.7-33.6 74.7-74.7 74.7zm146.4-194.3c0 14.9-12 26.8-26.8 26.8-14.9 0-26.8-12-26.8-26.8s12-26.8 26.8-26.8 26.8 12 26.8 26.8zm76.1 27.2c-1.7-35.9-9.9-67.7-36.2-93.9-26.2-26.2-58-34.4-93.9-36.2-37-2.1-147.9-2.1-184.9 0-35.8 1.7-67.6 9.9-93.9 36.1s-34.4 58-36.2 93.9c-2.1 37-2.1 147.9 0 184.9 1.7 35.9 9.9 67.7 36.2 93.9s58 34.4 93.9 36.2c37 2.1 147.9 2.1 184.9 0 35.9-1.7 67.7-9.9 93.9-36.2 26.2-26.2 34.4-58 36.2-93.9 2.1-37 2.1-147.8 0-184.8zM398.8 388c-7.8 19.6-22.9 34.7-42.6 42.6-29.5 11.7-99.5 9-132.1 9s-102.7 2.6-132.1-9c-19.6-7.8-34.7-22.9-42.6-42.6-11.7-29.5-9-99.5-9-132.1s-2.6-102.7 9-132.1c7.8-19.6 22.9-34.7 42.6-42.6 29.5-11.7 99.5-9 132.1-9s102.7-2.6 132.1 9c19.6 7.8 34.7 22.9 42.6 42.6 11.7 29.5 9 99.5 9 132.1s2.7 102.7-9 132.1z\"><\/path>\n\t            <\/svg>            <span>Follow on Instagram<\/span>\r\n        <\/a>\r\n    <\/span>\r\n\t\r\n<\/div>\r\n\r\n\t    <span class=\"sbi_resized_image_data\" data-feed-id=\"*1\" data-resized=\"{&quot;18389703313028543&quot;:{&quot;id&quot;:&quot;382605627_826590269468424_5805535221638584375_n&quot;,&quot;ratio&quot;:&quot;1.00&quot;,&quot;sizes&quot;:{&quot;full&quot;:640,&quot;low&quot;:320,&quot;thumb&quot;:150}},&quot;17996157131272304&quot;:{&quot;id&quot;:&quot;387049080_830034282457356_8194238295159275165_n&quot;,&quot;ratio&quot;:&quot;1.00&quot;,&quot;sizes&quot;:{&quot;full&quot;:640,&quot;low&quot;:320,&quot;thumb&quot;:150}},&quot;18241420759172269&quot;:{&quot;id&quot;:&quot;393552174_857618939015681_3000251943032972925_n&quot;,&quot;ratio&quot;:&quot;0.56&quot;,&quot;sizes&quot;:{&quot;full&quot;:640,&quot;low&quot;:320,&quot;thumb&quot;:150}}}\">\n\t<\/span>\n\t<\/div>\r\n\r\n[\/ts_text_content_block][\/vc_column][\/vc_row]<\/p>\n<\/div>","protected":false},"excerpt":{"rendered":"<p>[vc_row][vc_column][ts_text_content_block][\/ts_text_content_block][\/vc_column][\/vc_row]<\/p>\n","protected":false},"author":1,"featured_media":0,"parent":0,"menu_order":4,"comment_status":"closed","ping_status":"closed","template":"","meta":{"footnotes":""},"class_list":["post-1500","page","type-page","status-publish","hentry"],"aioseo_notices":[],"acf":[],"jetpack_sharing_enabled":true,"_links":{"self":[{"href":"https:\/\/aquaplastica.com\/en\/wp-json\/wp\/v2\/pages\/1500","targetHints":{"allow":["GET"]}}],"collection":[{"href":"https:\/\/aquaplastica.com\/en\/wp-json\/wp\/v2\/pages"}],"about":[{"href":"https:\/\/aquaplastica.com\/en\/wp-json\/wp\/v2\/types\/page"}],"author":[{"embeddable":true,"href":"https:\/\/aquaplastica.com\/en\/wp-json\/wp\/v2\/users\/1"}],"replies":[{"embeddable":true,"href":"https:\/\/aquaplastica.com\/en\/wp-json\/wp\/v2\/comments?post=1500"}],"version-history":[{"count":0,"href":"https:\/\/aquaplastica.com\/en\/wp-json\/wp\/v2\/pages\/1500\/revisions"}],"wp:attachment":[{"href":"https:\/\/aquaplastica.com\/en\/wp-json\/wp\/v2\/media?parent=1500"}],"curies":[{"name":"wp","href":"https:\/\/api.w.org\/{rel}","templated":true}]}}